{"id":7176,"date":"2022-01-13T20:45:11","date_gmt":"2022-01-13T17:45:11","guid":{"rendered":"https:\/\/salmastra.com.tr\/?post_type=product&#038;p=7176"},"modified":"2026-04-05T02:26:21","modified_gmt":"2026-04-04T23:26:21","slug":"3-8-doner-baslik-rotary-joint-sag-donuslu","status":"publish","type":"product","link":"https:\/\/salmastra.com.tr\/index.php\/urun\/3-8-doner-baslik-rotary-joint-sag-donuslu\/","title":{"rendered":"3\/8 &#8221; D\u00f6ner Ba\u015fl\u0131k ( Rotary Joint ) Sa\u011f D\u00f6n\u00fc\u015fl\u00fc"},"content":{"rendered":"<h3>3\/8 &#8221; D\u00f6ner Ba\u015fl\u0131k ( Rotary Joint ) Sa\u011f D\u00f6n\u00fc\u015fl\u00fc<\/h3>\n","protected":false},"excerpt":{"rendered":"<p>3\/8 &#8221; D\u00f6ner Ba\u015fl\u0131k ( Rotary Joint ) Sa\u011f D\u00f6n\u00fc\u015fl\u00fc<\/p>\n","protected":false},"featured_media":7170,"comment_status":"open","ping_status":"closed","template":"","meta":[],"product_cat":[42,127,128],"product_tag":[],"class_list":{"0":"post-7176","1":"product","2":"type-product","3":"status-publish","4":"has-post-thumbnail","6":"product_cat-doner-basliklar","7":"product_cat-su-basligi","8":"product_cat-cin-serisi","10":"first","11":"instock","12":"shipping-taxable","13":"product-type-simple"},"_links":{"self":[{"href":"https:\/\/salmastra.com.tr\/index.php\/wp-json\/wp\/v2\/product\/7176","targetHints":{"allow":["GET"]}}],"collection":[{"href":"https:\/\/salmastra.com.tr\/index.php\/wp-json\/wp\/v2\/product"}],"about":[{"href":"https:\/\/salmastra.com.tr\/index.php\/wp-json\/wp\/v2\/types\/product"}],"replies":[{"embeddable":true,"href":"https:\/\/salmastra.com.tr\/index.php\/wp-json\/wp\/v2\/comments?post=7176"}],"wp:featuredmedia":[{"embeddable":true,"href":"https:\/\/salmastra.com.tr\/index.php\/wp-json\/wp\/v2\/media\/7170"}],"wp:attachment":[{"href":"https:\/\/salmastra.com.tr\/index.php\/wp-json\/wp\/v2\/media?parent=7176"}],"wp:term":[{"taxonomy":"product_cat","embeddable":true,"href":"https:\/\/salmastra.com.tr\/index.php\/wp-json\/wp\/v2\/product_cat?post=7176"},{"taxonomy":"product_tag","embeddable":true,"href":"https:\/\/salmastra.com.tr\/index.php\/wp-json\/wp\/v2\/product_tag?post=7176"}],"curies":[{"name":"wp","href":"https:\/\/api.w.org\/{rel}","templated":true}]}}