{"id":7169,"date":"2022-01-13T20:35:40","date_gmt":"2022-01-13T17:35:40","guid":{"rendered":"https:\/\/salmastra.com.tr\/?post_type=product&#038;p=7169"},"modified":"2026-05-11T23:43:24","modified_gmt":"2026-05-11T20:43:24","slug":"2-1-2-doner-baslik-rotary-joint-sag-donuslu","status":"publish","type":"product","link":"https:\/\/salmastra.com.tr\/index.php\/urun\/2-1-2-doner-baslik-rotary-joint-sag-donuslu\/","title":{"rendered":"2 1\/2 &#8221; D\u00f6ner Ba\u015fl\u0131k ( Rotary Joint ) Sa\u011f D\u00f6n\u00fc\u015fl\u00fc"},"content":{"rendered":"<h3>2 1\/2 &#8221; D\u00f6ner Ba\u015fl\u0131k ( Rotary Joint ) Sa\u011f D\u00f6n\u00fc\u015fl\u00fc<\/h3>\n","protected":false},"excerpt":{"rendered":"<p>2 1\/2 &#8221; D\u00f6ner Ba\u015fl\u0131k ( Rotary Joint ) Sa\u011f D\u00f6n\u00fc\u015fl\u00fc<\/p>\n","protected":false},"featured_media":7170,"comment_status":"open","ping_status":"closed","template":"","meta":[],"product_brand":[],"product_cat":[128,42,127],"product_tag":[],"class_list":{"0":"post-7169","1":"product","2":"type-product","3":"status-publish","4":"has-post-thumbnail","6":"product_cat-cin-serisi","7":"product_cat-doner-basliklar","8":"product_cat-su-basligi","10":"first","11":"instock","12":"shipping-taxable","13":"product-type-simple"},"_links":{"self":[{"href":"https:\/\/salmastra.com.tr\/index.php\/wp-json\/wp\/v2\/product\/7169","targetHints":{"allow":["GET"]}}],"collection":[{"href":"https:\/\/salmastra.com.tr\/index.php\/wp-json\/wp\/v2\/product"}],"about":[{"href":"https:\/\/salmastra.com.tr\/index.php\/wp-json\/wp\/v2\/types\/product"}],"replies":[{"embeddable":true,"href":"https:\/\/salmastra.com.tr\/index.php\/wp-json\/wp\/v2\/comments?post=7169"}],"wp:featuredmedia":[{"embeddable":true,"href":"https:\/\/salmastra.com.tr\/index.php\/wp-json\/wp\/v2\/media\/7170"}],"wp:attachment":[{"href":"https:\/\/salmastra.com.tr\/index.php\/wp-json\/wp\/v2\/media?parent=7169"}],"wp:term":[{"taxonomy":"product_brand","embeddable":true,"href":"https:\/\/salmastra.com.tr\/index.php\/wp-json\/wp\/v2\/product_brand?post=7169"},{"taxonomy":"product_cat","embeddable":true,"href":"https:\/\/salmastra.com.tr\/index.php\/wp-json\/wp\/v2\/product_cat?post=7169"},{"taxonomy":"product_tag","embeddable":true,"href":"https:\/\/salmastra.com.tr\/index.php\/wp-json\/wp\/v2\/product_tag?post=7169"}],"curies":[{"name":"wp","href":"https:\/\/api.w.org\/{rel}","templated":true}]}}