{"id":7162,"date":"2022-01-13T20:25:56","date_gmt":"2022-01-13T17:25:56","guid":{"rendered":"https:\/\/salmastra.com.tr\/?post_type=product&#038;p=7162"},"modified":"2026-03-02T04:53:55","modified_gmt":"2026-03-02T01:53:55","slug":"40-mm-metal-koruklu-ssic-v-rotary-mekanik-salmastra","status":"publish","type":"product","link":"https:\/\/salmastra.com.tr\/index.php\/urun\/40-mm-metal-koruklu-ssic-v-rotary-mekanik-salmastra\/","title":{"rendered":"40 mm MFL85N SSIC\/V Rotary Mekanik Salmastra"},"content":{"rendered":"<div class=\"post-title\">\n<h3>40 mm MFL85N SSIC\/V Rotary Mekanik Salmastra<\/h3>\n<\/div>\n","protected":false},"excerpt":{"rendered":"<p>40 mm Metal K\u00f6r\u00fckl\u00fc SSIC\/V Rotary Mekanik Salmastra<\/p>\n","protected":false},"featured_media":7163,"comment_status":"open","ping_status":"closed","template":"","meta":[],"product_cat":[29,126],"product_tag":[],"class_list":{"0":"post-7162","1":"product","2":"type-product","3":"status-publish","4":"has-post-thumbnail","6":"product_cat-mekanik-salmastra","7":"product_cat-metal-koruklu-salmastra","9":"first","10":"instock","11":"shipping-taxable","12":"product-type-simple"},"_links":{"self":[{"href":"https:\/\/salmastra.com.tr\/index.php\/wp-json\/wp\/v2\/product\/7162","targetHints":{"allow":["GET"]}}],"collection":[{"href":"https:\/\/salmastra.com.tr\/index.php\/wp-json\/wp\/v2\/product"}],"about":[{"href":"https:\/\/salmastra.com.tr\/index.php\/wp-json\/wp\/v2\/types\/product"}],"replies":[{"embeddable":true,"href":"https:\/\/salmastra.com.tr\/index.php\/wp-json\/wp\/v2\/comments?post=7162"}],"wp:featuredmedia":[{"embeddable":true,"href":"https:\/\/salmastra.com.tr\/index.php\/wp-json\/wp\/v2\/media\/7163"}],"wp:attachment":[{"href":"https:\/\/salmastra.com.tr\/index.php\/wp-json\/wp\/v2\/media?parent=7162"}],"wp:term":[{"taxonomy":"product_cat","embeddable":true,"href":"https:\/\/salmastra.com.tr\/index.php\/wp-json\/wp\/v2\/product_cat?post=7162"},{"taxonomy":"product_tag","embeddable":true,"href":"https:\/\/salmastra.com.tr\/index.php\/wp-json\/wp\/v2\/product_tag?post=7162"}],"curies":[{"name":"wp","href":"https:\/\/api.w.org\/{rel}","templated":true}]}}