{"id":7228,"date":"2022-01-19T20:57:05","date_gmt":"2022-01-19T17:57:05","guid":{"rendered":"https:\/\/salmastra.com.tr\/?page_id=7228"},"modified":"2022-01-19T20:57:05","modified_gmt":"2022-01-19T17:57:05","slug":"teslimat-kosullari","status":"publish","type":"page","link":"https:\/\/salmastra.com.tr\/index.php\/teslimat-kosullari\/","title":{"rendered":"Teslimat Ko\u015fullar\u0131"},"content":{"rendered":"<p>[vc_row][vc_column][vc_column_text woodmart_inline=&#8221;no&#8221; text_larger=&#8221;no&#8221;]<strong>Salmastra\u00a0ile \u00fcr\u00fcn teslimatlar\u0131nda sorun ya\u015fanmamas\u0131 i\u00e7in kay\u0131t s\u0131ras\u0131nda girmi\u015f oldu\u011funuz adres ve telefon bilgilerinin do\u011frulu\u011funu kontrol ediniz.<\/strong><\/p>\n<p>&#8211; Anla\u015fmal\u0131 oldu\u011fumuz \u015firketlerimizden olan\u00a0\u00a0\u00fcr\u00fcnlerimizi cazip fiyatlar\u0131yla kap\u0131n\u0131za kadar hizmet sunmaktad\u0131r.<\/p>\n<p>&#8211; Sipari\u015f edilen stoktaki \u00fcr\u00fcnler ortalama 3-7 i\u015f g\u00fcn\u00fc i\u00e7erisinde, stokta olmayan \u00fcr\u00fcnler 2-4 hafta i\u00e7erisinde taraf\u0131n\u0131za ula\u015ft\u0131r\u0131lmaktad\u0131r.<\/p>\n<p>&#8211; Hafta sonlar\u0131 ve resmi tatil g\u00fcnlerinde kargoya \u00fcr\u00fcn teslimat\u0131 yap\u0131lmamaktad\u0131r. Fakat hafta i\u00e7i kargoya verilmi\u015f olan \u00fcr\u00fcnlerin teslimat\u0131, kargo firmas\u0131 taraf\u0131ndan bu g\u00fcnlerde de yap\u0131labilir.<\/p>\n<p>&#8211; Sipari\u015finizin elinize ula\u015fmamas\u0131 durumunda, sipari\u015finizin durumunu ileti\u015fim bilgileri k\u0131sm\u0131ndaki telefonlar\u0131 arayarak veya info@salmastra.com.tr adresine mail g\u00f6ndererek \u00f6\u011frenebilirsiniz.[\/vc_column_text][\/vc_column][\/vc_row]<\/p>\n","protected":false},"excerpt":{"rendered":"<p>[vc_row][vc_column][vc_column_text woodmart_inline=&#8221;no&#8221; text_larger=&#8221;no&#8221;]Salmastra\u00a0ile \u00fcr\u00fcn teslimatlar\u0131nda sorun ya\u015fanmamas\u0131 i\u00e7in kay\u0131t s\u0131ras\u0131nda girmi\u015f oldu\u011funuz adres ve telefon bilgilerinin do\u011frulu\u011funu kontrol ediniz. &#8211;<\/p>\n","protected":false},"author":1,"featured_media":0,"parent":0,"menu_order":0,"comment_status":"closed","ping_status":"closed","template":"","meta":{"footnotes":""},"class_list":["post-7228","page","type-page","status-publish","hentry"],"_links":{"self":[{"href":"https:\/\/salmastra.com.tr\/index.php\/wp-json\/wp\/v2\/pages\/7228","targetHints":{"allow":["GET"]}}],"collection":[{"href":"https:\/\/salmastra.com.tr\/index.php\/wp-json\/wp\/v2\/pages"}],"about":[{"href":"https:\/\/salmastra.com.tr\/index.php\/wp-json\/wp\/v2\/types\/page"}],"author":[{"embeddable":true,"href":"https:\/\/salmastra.com.tr\/index.php\/wp-json\/wp\/v2\/users\/1"}],"replies":[{"embeddable":true,"href":"https:\/\/salmastra.com.tr\/index.php\/wp-json\/wp\/v2\/comments?post=7228"}],"version-history":[{"count":1,"href":"https:\/\/salmastra.com.tr\/index.php\/wp-json\/wp\/v2\/pages\/7228\/revisions"}],"predecessor-version":[{"id":7230,"href":"https:\/\/salmastra.com.tr\/index.php\/wp-json\/wp\/v2\/pages\/7228\/revisions\/7230"}],"wp:attachment":[{"href":"https:\/\/salmastra.com.tr\/index.php\/wp-json\/wp\/v2\/media?parent=7228"}],"curies":[{"name":"wp","href":"https:\/\/api.w.org\/{rel}","templated":true}]}}