{"id":7221,"date":"2022-01-19T20:50:33","date_gmt":"2022-01-19T17:50:33","guid":{"rendered":"https:\/\/salmastra.com.tr\/?page_id=7221"},"modified":"2022-01-19T20:53:29","modified_gmt":"2022-01-19T17:53:29","slug":"kullanim-kosullari","status":"publish","type":"page","link":"https:\/\/salmastra.com.tr\/index.php\/kullanim-kosullari\/","title":{"rendered":"Kullan\u0131m Ko\u015fullar\u0131"},"content":{"rendered":"<p>[vc_row][vc_column width=&#8221;2\/3&#8243;][vc_column_text woodmart_inline=&#8221;no&#8221; text_larger=&#8221;no&#8221;]<\/p>\n<h4>\u0130leride s\u00f6zkonusu \u015fartlar\u0131 okumam\u0131\u015f veya okumu\u015f olup ta bunlara uygun davranmam\u0131\u015f olman\u0131zdan kaynaklanabilecek olan her t\u00fcrl\u00fc maddi ve manevi zarara ili\u015fkin talebinizden Salmastra&#8217;n\u0131n ve\/veya\u00a0\u00a0Salmastra\u00a0 Web Sitesi&#8217;nin, bu sitedeki hert\u00fcrl\u00fc i\u00e7eri\u011fin haz\u0131rlay\u0131c\u0131lar\u0131n\u0131n, \u00e7al\u0131\u015fanlar\u0131n\u0131n,\u00a0\u00a0Salmastra&#8217;n\u0131n yetkilendirdikleri ki\u015fi ve kurulu\u015flar\u0131n hi\u00e7bir hukuki ve cezai sorumlulu\u011fu bulunmamaktad\u0131r.<\/h4>\n<p>[\/vc_column_text][\/vc_column][vc_column width=&#8221;1\/3&#8243;][vc_single_image image=&#8221;7222&#8243; img_size=&#8221;full&#8221; parallax_scroll=&#8221;no&#8221; woodmart_inline=&#8221;no&#8221;][\/vc_column][\/vc_row][vc_row][vc_column][vc_column_text woodmart_inline=&#8221;no&#8221; text_larger=&#8221;no&#8221;]<\/p>\n<p style=\"font-weight: 400;\">\u015eu kadar ki; Salmastra Web Sitesi&#8217;ni ziyaret edenlerin, reklam ve sponsorluk veren \u015firketlerin, Web Sitesi&#8217;nde yay\u0131nlam\u0131\u015f olabilecekleri yaz\u0131, bilgi, yorum, haber, g\u00f6r\u00fcnt\u00fc,\u00a0\u00a0Salmastra&#8217;n\u0131n logosunun, anasayfa ile alt b\u00f6l\u00fcm ba\u011flant\u0131lar\u0131n\u0131n\u00a0\u00a0Salmastra\u00a0d\u0131\u015f\u0131 web sitelerinde kullan\u0131m\u0131 ve kullan\u0131c\u0131lar taraf\u0131ndan Salmastra&#8217;n\u0131n sunucular\u0131na y\u00fcklenip yay\u0131nlanan her t\u00fcrl\u00fc i\u00e7eri\u011fin kullan\u0131m\u0131 suretiyle edinilen bilgi ve yorumlar dahil ve fakat bu say\u0131lan ki\u015filer ya da yay\u0131nlarla s\u0131n\u0131rl\u0131 olmaks\u0131z\u0131n, Internet&#8217;in genel team\u00fcller do\u011frultusundaki yap\u0131s\u0131 gere\u011fi sorumluluk ve yetkisinde olmayan herhangi bir i\u00e7erikten, Salmastra&#8217;m\u0131n hukuki, cezai ve\/veya \u015fahsi hi\u00e7bir sorumlulu\u011fu bulunmamakta olup, i\u015fbu Web Sitesi ziyaret\u00e7ileri bu hususu bu siteye girdikleri andan itibaren<\/p>\n<p style=\"font-weight: 400;\">Salmastra\u00a0i\u015f bu h\u00fck\u00fcm ve \u015fartlar\u0131 diledi\u011fi zaman \u00f6nceden haber vermek zorunda olmaks\u0131z\u0131n tek tarafl\u0131 olarak de\u011fi\u015ftirme ve g\u00fcncelleme hakk\u0131n\u0131 haizdir.<\/p>\n<p style=\"font-weight: 400;\">Salmastra\u00a0Web Sitesi&#8217;nde yer alan her t\u00fcrl\u00fc bilgi, istatistiki \u015fekil ve de\u011fer, g\u00fcvenilirli\u011fi genel team\u00fcller \u00e7er\u00e7evesinde kabul edilen kaynaklardan elde edilerek derlenmi\u015f olup, do\u011fruluklar\u0131 ve yeterlilikleri hi\u00e7 bir \u015fekilde\u00a0\u00a0Salmastra\u00a0taraf\u0131ndan garanti edilmemektedir.<\/p>\n<p>[\/vc_column_text][\/vc_column][\/vc_row]<\/p>\n","protected":false},"excerpt":{"rendered":"<p>[vc_row][vc_column width=&#8221;2\/3&#8243;][vc_column_text woodmart_inline=&#8221;no&#8221; text_larger=&#8221;no&#8221;] \u0130leride s\u00f6zkonusu \u015fartlar\u0131 okumam\u0131\u015f veya okumu\u015f olup ta bunlara uygun davranmam\u0131\u015f olman\u0131zdan kaynaklanabilecek olan her t\u00fcrl\u00fc<\/p>\n","protected":false},"author":1,"featured_media":0,"parent":0,"menu_order":0,"comment_status":"closed","ping_status":"closed","template":"","meta":{"footnotes":""},"class_list":["post-7221","page","type-page","status-publish","hentry"],"_links":{"self":[{"href":"https:\/\/salmastra.com.tr\/index.php\/wp-json\/wp\/v2\/pages\/7221","targetHints":{"allow":["GET"]}}],"collection":[{"href":"https:\/\/salmastra.com.tr\/index.php\/wp-json\/wp\/v2\/pages"}],"about":[{"href":"https:\/\/salmastra.com.tr\/index.php\/wp-json\/wp\/v2\/types\/page"}],"author":[{"embeddable":true,"href":"https:\/\/salmastra.com.tr\/index.php\/wp-json\/wp\/v2\/users\/1"}],"replies":[{"embeddable":true,"href":"https:\/\/salmastra.com.tr\/index.php\/wp-json\/wp\/v2\/comments?post=7221"}],"version-history":[{"count":4,"href":"https:\/\/salmastra.com.tr\/index.php\/wp-json\/wp\/v2\/pages\/7221\/revisions"}],"predecessor-version":[{"id":7227,"href":"https:\/\/salmastra.com.tr\/index.php\/wp-json\/wp\/v2\/pages\/7221\/revisions\/7227"}],"wp:attachment":[{"href":"https:\/\/salmastra.com.tr\/index.php\/wp-json\/wp\/v2\/media?parent=7221"}],"curies":[{"name":"wp","href":"https:\/\/api.w.org\/{rel}","templated":true}]}}