{"id":7216,"date":"2022-01-19T20:21:46","date_gmt":"2022-01-19T17:21:46","guid":{"rendered":"https:\/\/salmastra.com.tr\/?page_id=7216"},"modified":"2022-01-19T20:26:58","modified_gmt":"2022-01-19T17:26:58","slug":"iade-ve-garanti-bilgileri","status":"publish","type":"page","link":"https:\/\/salmastra.com.tr\/index.php\/iade-ve-garanti-bilgileri\/","title":{"rendered":"\u0130ade ve Garanti Bilgileri"},"content":{"rendered":"<p><strong>Nas\u0131l Al\u0131\u015fveri\u015f Yapabilirim?<\/strong><\/p>\n<p>1. \u00d6ncelikle sitemize \u00fcye olman\u0131z gerekmektedir. \u00dcye olabilmek i\u00e7in \u2018\u00dcye ol\u2019 veya &#8220;Yeni \u00dcye Kay\u0131t&#8221; linklerini kullanabilirsiniz.<\/p>\n<p>2. Almak istedi\u011finiz \u00fcr\u00fcnleri belirledikten sonra &#8220;Sepete Ekle&#8221; butonuna t\u0131klayarak al\u0131\u015fveri\u015f sepetinize atabilirsiniz. Daha sonra \u00fcr\u00fcn adedini belirleyebilirsiniz. Al\u0131\u015fveri\u015f sepetinin amac\u0131, m\u00fc\u015fterinin se\u00e7er se\u00e7mez sat\u0131n alma zorunlulu\u011funu ortadan kald\u0131rarak kolayl\u0131k sa\u011flamakt\u0131r.<\/p>\n<p>3. Al\u0131\u015fveri\u015f Sepetinizde \u00fcr\u00fcnle ilgili fiyat ve di\u011fer bilgileri g\u00f6rebilir, \u00fcr\u00fcnlerin miktarlar\u0131n\u0131 de\u011fi\u015ftirebilir, sepetinizden \u00e7\u0131karabilirsiniz.<\/p>\n<p>4. Sepetinizdeki \u00fcr\u00fcnleri 2 farkl\u0131 \u015fekilde alabilirsiniz. Kredi kart\u0131 ve havale ile \u00f6deme. \u00d6deme \u015feklini se\u00e7tikten sonra se\u00e7ti\u011finiz \u00f6deme \u015fekline g\u00f6re detay ekran\u0131 gelmektedir. \u0130stenilen verileri girdikten sonra &#8220;Sat\u0131n Al&#8221; butonuna t\u0131klay\u0131n.<\/p>\n<p>5. E\u011fer \u00f6demeyi kredi kart\u0131 ile yapacaksan\u0131z; sipari\u015fi onaylad\u0131\u011f\u0131n\u0131z anda, bilgiler net \u00fczerinden \u00f6zel bir ge\u00e7i\u015f yoluyla \u00f6demeyi yapan veya \u00f6demeyi teslim alan bankalar\u0131n bu i\u015flemi onaylad\u0131klar\u0131 veya reddettikleri network i\u015fleme mekanizmas\u0131na (SSL) ula\u015f\u0131r. Kredi kart\u0131 bilgileriniz ge\u00e7erli ise sipari\u015finiz kabul edilir. Ald\u0131\u011f\u0131n\u0131z \u00fcr\u00fcnlerin \u00fccreti banka yoluyla bize ula\u015f\u0131r. Sipari\u015f olumlu bir \u015fekilde tamamland\u0131\u011f\u0131 zaman, m\u00fc\u015fteriye sipari\u015fiyle ilgili bilgilerin yer ald\u0131\u011f\u0131 bir e-mail g\u00f6nderilir. Sat\u0131n al\u0131nan \u00fcr\u00fcn, \u00f6nceden anla\u015f\u0131lm\u0131\u015f olan bir kargo \u015firketinden m\u00fc\u015fterinin se\u00e7ti\u011fi biri taraf\u0131ndan, sipari\u015fi teslim alacak ki\u015fiye kimlik g\u00f6sterilmesi kar\u015f\u0131l\u0131\u011f\u0131nda teslim edilir. Siteye \u00fcye olman\u0131n Avantajlar\u0131 nelerdir? Sitemize \u00fcye oldu\u011funuzda; yeni \u00e7\u0131kan \u00fcr\u00fcnlerden, ilgi alan\u0131n\u0131zdaki \u00fcr\u00fcnler ile ilgili yeniliklerden ve kampanyalardan haberdar olabilirsiniz. Sat\u0131n ald\u0131\u011f\u0131n\u0131z bir \u00fcr\u00fcn\u00fcn teslimat\u0131 i\u00e7in sizden istenen bilgileri her zaman yazmak zorunda kalmazs\u0131n\u0131z. \u00dcyelik a\u015famalar\u0131nda al\u0131\u015fveri\u015f yapman\u0131za yeterli olacak bilgileri doldurursunuz di\u011fer bilgiler sistemimizde kay\u0131tl\u0131 oldu\u011fu i\u00e7in otomatik olarak yerini al\u0131r. Daha \u00f6nce ilgilenip alamad\u0131\u011f\u0131n\u0131z \u00fcr\u00fcnlerle ilgili kampanyam\u0131zdan ilk kez siz haberdar edilirsiniz. \u0130ptal Ko\u015fullar\u0131 T\u00fcketici Haklar\u0131 gere\u011fi, vermi\u015f oldu\u011funuz sipari\u015finizden vazge\u00e7me hakk\u0131n\u0131z\u0131, sipari\u015finiz kargoya teslim edilmeden \u00f6nce kullanabilirsiniz. Bunun i\u00e7in sipari\u015finizin &#8220;kargoya verildi&#8221; bilgisi eposta ile bildirilmeden \u00f6nce iptal etmek istedi\u011finiz sipari\u015finiz yada \u00fcr\u00fcn hakk\u0131nda bilgi vermeniz gerekmektedir. E\u011fer sipari\u015finiz kargoya teslim edilmi\u015f ise T\u00fcketici Koruma Kanunu gere\u011fi 1 hafta i\u00e7inde iade hakk\u0131n\u0131z\u0131 kullanabilirsiniz.<\/p>\n","protected":false},"excerpt":{"rendered":"<p>Nas\u0131l Al\u0131\u015fveri\u015f Yapabilirim? 1. \u00d6ncelikle sitemize \u00fcye olman\u0131z gerekmektedir. \u00dcye olabilmek i\u00e7in \u2018\u00dcye ol\u2019 veya &#8220;Yeni \u00dcye Kay\u0131t&#8221; linklerini kullanabilirsiniz.<\/p>\n","protected":false},"author":1,"featured_media":7219,"parent":0,"menu_order":0,"comment_status":"closed","ping_status":"closed","template":"","meta":{"footnotes":""},"class_list":["post-7216","page","type-page","status-publish","has-post-thumbnail","hentry"],"_links":{"self":[{"href":"https:\/\/salmastra.com.tr\/index.php\/wp-json\/wp\/v2\/pages\/7216","targetHints":{"allow":["GET"]}}],"collection":[{"href":"https:\/\/salmastra.com.tr\/index.php\/wp-json\/wp\/v2\/pages"}],"about":[{"href":"https:\/\/salmastra.com.tr\/index.php\/wp-json\/wp\/v2\/types\/page"}],"author":[{"embeddable":true,"href":"https:\/\/salmastra.com.tr\/index.php\/wp-json\/wp\/v2\/users\/1"}],"replies":[{"embeddable":true,"href":"https:\/\/salmastra.com.tr\/index.php\/wp-json\/wp\/v2\/comments?post=7216"}],"version-history":[{"count":2,"href":"https:\/\/salmastra.com.tr\/index.php\/wp-json\/wp\/v2\/pages\/7216\/revisions"}],"predecessor-version":[{"id":7218,"href":"https:\/\/salmastra.com.tr\/index.php\/wp-json\/wp\/v2\/pages\/7216\/revisions\/7218"}],"wp:featuredmedia":[{"embeddable":true,"href":"https:\/\/salmastra.com.tr\/index.php\/wp-json\/wp\/v2\/media\/7219"}],"wp:attachment":[{"href":"https:\/\/salmastra.com.tr\/index.php\/wp-json\/wp\/v2\/media?parent=7216"}],"curies":[{"name":"wp","href":"https:\/\/api.w.org\/{rel}","templated":true}]}}